{"id":906,"date":"2018-01-09T10:56:15","date_gmt":"2018-01-09T10:56:15","guid":{"rendered":"https:\/\/www.mcsystemsrl.com\/privacy\/"},"modified":"2019-07-25T08:03:07","modified_gmt":"2019-07-25T08:03:07","slug":"privacy","status":"publish","type":"page","link":"https:\/\/www.mcsystemsrl.com\/de\/privacy\/","title":{"rendered":"Privacy"},"content":{"rendered":"[vc_row type=&#8220;in_container&#8220; full_screen_row_position=&#8220;middle&#8220; scene_position=&#8220;center&#8220; text_color=&#8220;dark&#8220; text_align=&#8220;left&#8220; top_padding=&#8220;10%&#8220; bottom_padding=&#8220;10%&#8220; overlay_strength=&#8220;0.3&#8243; shape_divider_position=&#8220;bottom&#8220; bg_image_animation=&#8220;none&#8220; shape_type=&#8220;&#8220;][vc_column column_padding=&#8220;no-extra-padding&#8220; column_padding_position=&#8220;all&#8220; background_color_opacity=&#8220;1&#8243; background_hover_color_opacity=&#8220;1&#8243; column_link_target=&#8220;_self&#8220; column_shadow=&#8220;none&#8220; column_border_radius=&#8220;none&#8220; width=&#8220;1\/1&#8243; tablet_width_inherit=&#8220;default&#8220; tablet_text_alignment=&#8220;default&#8220; phone_text_alignment=&#8220;default&#8220; column_border_width=&#8220;none&#8220; column_border_style=&#8220;solid&#8220; bg_image_animation=&#8220;none&#8220;][split_line_heading]\n<h2>PRIVACY POLICY IM SINNE DES ART. 13 DER DATENSCHUTZ-VERORDNUNG 2016\/679<\/h2>\n[\/split_line_heading][vc_column_text]\n<p class=\"p1\">Il presente documento intende fornire informazioni circa il trattamento, le finalit\u00e0, le modalit\u00e0 ed in generale la gestione dei dati raccolti tramite il sito web. La policy riguarda unicamente la presente pagina web, escludendo quindi ulteriori pagine visitabili tramite collegamento (link).<\/p>\n<p class=\"p1\">In considerazione di ci\u00f2 ai sensi dell\u2019art. 13 del Regolamento Europeo 2016\/679 e del Provvedimento del Garante Privacy n. 229 dell\u20198 maggio 2014, la informiamo circa quanto segue.<span class=\"Apple-converted-space\">\u00a0 <\/span><\/p>\n<h4 class=\"p1\">TITOLARE DEL TRATTAMENTO<\/h4>\n<p class=\"p1\">Titolare del trattamento \u00e8 M. C. System Srl , con sede in Via L. Von Comini, P.IVA 01644740217. E\u2019 inoltre individuata una societ\u00e0 terza, Genetica Group Srl, con il compito di eseguire le attivit\u00e0 di gestione tecnica e manutenzione del sito web. <span class=\"Apple-converted-space\">\u00a0 <\/span><\/p>\n<h4 class=\"p1\">NATURA DEL TRATTAMENTO<\/h4>\n<p class=\"p1\">I dati oggetto di trattamento attraverso il sito web sono dati personali di natura comune (a titolo esemplificativo e non esaustivo e-mail, dati anagrafici etc.) ed in generale tutti quei dati che sono necessari per eseguire la prestazione nonch\u00e9 per dare seguito alle richieste pervenute. In nessun caso la nostra struttura tratter\u00e0 senza preventivo consenso dati di natura particolare definiti dall\u2019art. 9 del Regolamento Europeo 2016\/679 (es. stati di salute, opinioni politiche, orientamenti sessuali etc.) o dati personali relativi a condanne penali o reati, art. 10 deL medesimo Regolamento Europeo.<span class=\"Apple-converted-space\">\u00a0 <\/span><\/p>\n<h4 class=\"p1\">FINALIT\u00c0 E MODALIT\u00c0 DI TRATTAMENTO DEL TRATTAMENTO<\/h4>\n<p class=\"p1\">Il trattamento dati sar\u00e0 finalizzato per dare riscontro alle richieste pervenute, nonch\u00e9 per procedere all\u2019eventuale iscrizione a newsletter o per l\u2019esecuzione della procedura di candidatura del personale. I dati conferiti saranno inoltre trattati per adempimenti legali, fiscali e contabili nonch\u00e9 per consentire una gestione del rapporto commerciale tra le parti. Per queste finalit\u00e0 il conferimento dei dati \u00e8 da intendersi come obbligatorio, ed un mancato conferimento comporter\u00e0 l\u2019impossibilit\u00e0 di dare esecuzione a quanto indicato. Previo Suo consenso, i dati potranno anche essere utilizzati per tenerla aggiornata rispetto a nostre attivit\u00e0 promozionali e di marketing. In questo caso il conferimento dei dati \u00e8 facoltativo, e un eventuale rifiuto al conferimento dei dati non comporter\u00e0 alcuna conseguenza. in ogni caso, i Suoi dati non saranno ceduti a terzi per finalit\u00e0 di marketing. Per quanto attiene alla gestione dei cookie si rimanda alle sezioni successive. I dati raccolti, verranno trattati con modalit\u00e0 cartacee e con strumenti elettronici, configurati per garantire un adeguato livello di sicurezza dei dati stessi.<span class=\"Apple-converted-space\">\u00a0 <\/span><\/p>\n<h4 class=\"p1\">CONSERVAZIONE DEI DATI<\/h4>\n<p class=\"p1\">I dati saranno conservati per il periodo necessario all\u2019esecuzione della prestazione o dell\u2019incarico conferito nonch\u00e9 rispetto ad ogni altro obbligo di conservazione previsto dalla legge.<span class=\"Apple-converted-space\">\u00a0 <\/span><\/p>\n<h4 class=\"p1\">COMUNICAZIONE DEI DATI A TERZI<span class=\"Apple-converted-space\">\u00a0<\/span><\/h4>\n<p class=\"p1\">I dati non verranno in alcun modo diffusi, ove per diffusione si intende darne conoscenza a soggetti indeterminati attraverso qualunque modalit\u00e0. I dati potranno altres\u00ec essere comunicati a soggetti determinati quali: &#8211; incaricati interni alla struttura per poter compiere le operazioni di trattamento &#8211; consulenti fiscali, consulenti del lavoro, istituti di credito, spedizionieri che eseguono prestazioni accessorie rispetto a quella fornita dal Titolare del trattamento &#8211; altri soggetti esterni individuati quale partner e appositamente nominati in qualit\u00e0 di responsabili del trattamento In virt\u00f9 della partecipazione di questi soggetti all\u2019attivit\u00e0 del Titolare del trattamento per l\u2019erogazione del servizio la comunicazione dei dati risulta di natura obbligatoria. Una mancata comunicazione comporterebbe infatti l\u2019impossibilit\u00e0 di eseguire l\u2019incarico o la prestazione concordata.<span class=\"Apple-converted-space\">\u00a0 <\/span><\/p>\n<h4 class=\"p1\">TRASFERIMENTO DEI DATI A TERZI<\/h4>\n<p class=\"p1\">I dati raccolti tramite sito web non saranno in alcun modo trasferiti o comunicati verso Paesi terzi al di fuori dell\u2019Unione Europea.<span class=\"Apple-converted-space\">\u00a0 <\/span><\/p>\n<h4 class=\"p1\">PROCESSI DECISIONALI AUTOMATIZZATI<\/h4>\n<p class=\"p1\">Le comunichiamo che i Suoi dati non sono inseriti in processi decisionali automatizzati <span class=\"Apple-converted-space\">\u00a0 <\/span><\/p>\n<h4 class=\"p1\">DATI ACQUISITI ATTRAVERSO LA NAVIGAZIONE<\/h4>\n<p class=\"p1\">Nel corso della navigazione il sito web acquisisce delle informazioni necessarie per consentire una corretta e sicura esperienza di navigazione, si pensi ad esempio agli indirizzi IP, MAC address, nomi a dominio dei computer utilizzati dagli utenti che si connettono al sito, e ogni altra informazione tecnica implicita nell\u2019uso dei protocolli di comunicazione di Internet. Questi dati risultano non associati a Utenti direttamente identificabili e vengono utilizzati al solo fine di ricavare informazioni statistiche anonime sull\u2019uso del sito nonch\u00e9 per verificarne il regolare funzionamento, solo per il tempo strettamente necessario ad eseguire tali operazioni. <span class=\"Apple-converted-space\">\u00a0 <\/span><\/p>\n<h4 class=\"p1\">COOKIES<\/h4>\n<p class=\"p1\">Il nostro sito web utilizza cookie per garantire un corretto utilizzo della pagina web e per migliorarne l\u2019esperienza di utilizzo. La presente Policy fornisce informazioni circa le tipologie di cookie utilizzate, le finalit\u00e0 e le relative modalit\u00e0 di utilizzo limitatamente alla presente sito web.<span class=\"Apple-converted-space\">\u00a0 <\/span><\/p>\n<h4 class=\"p1\">COSA SONO I COOKIES?<\/h4>\n<p class=\"p1\">Il Provvedimento in materia di cookie d.d. 8 maggio 2014 definisce i cookie come \u201cstringhe di testo di piccole dimensioni che i siti visitati dall\u2019utente inviano al suo terminale (solitamente al browser), dove vengono memorizzati per essere poi ritrasmessi agli stessi siti alla successiva visita del medesimo utente. Nel corso della navigazione su un sito, l\u2019utente pu\u00f2 ricevere sul suo terminale anche cookie che vengono inviati da siti o da web server diversi (c.d. \u201cterze parti\u201d), sui quali possono risiedere alcuni elementi (quali, ad esempio, immagini, mappe, suoni, specifici link a pagine di altri domini) presenti sul sito che lo stesso sta visitando\u201d.<span class=\"Apple-converted-space\">\u00a0 <\/span>I cookie possono essere utilizzati per varie finalit\u00e0 come ad esempio per l\u2019esecuzione di autenticazioni informatiche, memorizzazione di informazioni riferite a configurazioni delle macchine che accedono al server, siti web preferiti etc. . Di seguito verranno illustrate le diverse tipologie di cookie previste. <span class=\"Apple-converted-space\">\u00a0 <\/span><\/p>\n<h4 class=\"p1\">TIPOLOGIE DI COOKIES<\/h4>\n<p class=\"p1\">Cookie tecnici: I cookie tecnici sono quei cookie indispensabili per la navigazione e possono essere di natura temporanea (conservati unicamente per la durata della navigazione, una volta chiuso il browser questi cookie verranno cancellati) o persistente (conservati per un periodo pi\u00f9 lungo e non verranno cancellati una volta ultimata la navigazione). Tali cookie, proprio perch\u00e9 hanno delle caratteristiche tecniche, non sono soggetti al preventivo consenso da parte degli utenti. Cookie di profilazione: vengono utilizzati per individuare le preferenze dell\u2019utente e sulla base di tali preferenze, procedere all\u2019invio di messaggi pubblicitari o offerte commerciali. In virt\u00f9 di tale ragione necessitano di un preventivo consenso dell\u2019utente per la loro installazione. Cookie analitici: sono cookie utilizzati per monitorare le visite e l\u2019utilizzo della pagina web a livello statistico. Uno dei maggiori servizi utilizzati dai siti web \u00e8 quello fornito da Google Inc. denominato \u201cGoogle Analytics\u201d, tramite il quale risulta possibile avere dati statistici circa la navigazione sulla pagina web. Tale tipologia di cookie viene considerata alla stregua dei cookie di profilazione, salvo che non si proceda alla totale o parziale anonimizzazione dell\u2019indirizzo IP, eliminando cos\u00ec la condivisione di informazioni con Google (considerandoli in tal caso cookie tecnici). Le tipologie di cookie sopra descritte possono essere distinte in cookie di \u201cprima parte\u201d, trattati e gestiti direttamente dal Titolare del sito web, oppure cookie di \u201cterze parti\u201d, trattati e gestiti da soggetti terzi diversi dal Titolare (si pensi ad esempio Facebook, Twitter, Linkedin, Google+ etc.).<span class=\"Apple-converted-space\">\u00a0 <\/span><\/p>\n<h4 class=\"p1\">COOKIE UTILIZZATI DAL NOSTRO SITO<\/h4>\n<p class=\"p1\">Di seguito riportiamo l\u2019elenco dei cookie utilizzati dal sito web: N ome cookie<span class=\"Apple-converted-space\">\u00a0 <\/span>Tipologia<span class=\"Apple-converted-space\">\u00a0 <\/span>Descrizione<span class=\"Apple-converted-space\">\u00a0 <\/span>_ga<span class=\"Apple-converted-space\">\u00a0 <\/span>analitico<span class=\"Apple-converted-space\">\u00a0 <\/span>Utilizzato per distinguere gli utenti<span class=\"Apple-converted-space\">\u00a0 <\/span>_gat<span class=\"Apple-converted-space\">\u00a0 <\/span>analitico<span class=\"Apple-converted-space\">\u00a0 <\/span>Utilizzato per distinguere le varie richieste del sito<span class=\"Apple-converted-space\">\u00a0 <\/span>_gid<span class=\"Apple-converted-space\">\u00a0 <\/span>analitico<span class=\"Apple-converted-space\">\u00a0 <\/span>Utilizzato per distinguere gli utenti <span class=\"Apple-converted-space\">\u00a0 <\/span>Il sito utilizza quindi cookie tecnici, non utilizza cookie di profilazione, utilizza. Per tale ultima categoria, M.C. System Srl ha inoltre provveduto a rendere parzialmente anonimo l\u2019indirizzo IP dell\u2019utente, limitando cos\u00ec le informazioni a cui Google Inc. pu\u00f2 accedere. In virt\u00f9 di tale limitazione i cookie analitici vengono considerati cookie tecnici.<span class=\"Apple-converted-space\">\u00a0 <\/span><\/p>\n<h4 class=\"p1\">BANNER AL PRIMO ACCESSO<\/h4>\n<p class=\"p1\">Il banner presente al primo accesso, collocato nella pagina iniziale, fornisce le indicazioni sommarie circa le modalit\u00e0 di gestione dei cookie del sito, rimandando alla privacy policy completa.<span class=\"Apple-converted-space\">\u00a0 <\/span>L\u2019utente potr\u00e0 esprimere il proprio consenso all\u2019utilizzo dei cookie, anche di profilazione, tramite il tasto \u201cOK\u201d presente sul Banner. Tali dati relativi alla scelta dell\u2019utente circa la gestione dei cookie sono memorizzati tramite un cookie tecnico per un periodo pari a 30 giorni.<span class=\"Apple-converted-space\">\u00a0 <\/span><\/p>\n<h4 class=\"p1\">COME DISABILITARE I COOKIES?<\/h4>\n<p class=\"p1\">Riportiamo di seguito i link ai principali Broswer per modificare le scelte effettuate dall\u2019utente al primo accesso, in materia di cookie.<\/p>\n<p class=\"p1\"><strong> INTERNET EXPLORER<br \/>\n<\/strong><a href=\"https:\/\/support.microsoft.com\/it-it\/help\/17442\/windows-internet-explorer-delete-manage-cookies\" target=\"_blank\" rel=\"noopener\">https:\/\/support.microsoft.com\/it-it\/help\/17442\/windows-internet-explorer-delete-manage-cookies<span class=\"Apple-converted-space\">\u00a0 <\/span><\/a><\/p>\n<p class=\"p1\"><strong>GOOGLE CHROME<\/strong><br \/>\n<a href=\"https:\/\/support.google.com\/accounts\/answer\/32050?hl=it\" target=\"_blank\" rel=\"noopener\">https:\/\/support.google.com\/accounts\/answer\/32050?hl=it<\/a><\/p>\n<p><b>MOZILLA FIREFOX<br \/>\n<\/b><a href=\"https:\/\/support.mozilla.org\/it\/kb\/Eliminare%20i%20cookie\" target=\"_blank\" rel=\"noopener\">https:\/\/support.mozilla.org\/it\/kb\/Eliminare%20i%20cookie<\/a><\/p>\n<p class=\"p1\"><strong>APPLE SAFARI<\/strong><br \/>\n<a href=\"https:\/\/support.apple.com\/kb\/PH5042?locale=en_US\" target=\"_blank\" rel=\"noopener\">https:\/\/support.apple.com\/kb\/PH5042?locale=en_US <\/a><br \/>\n<span class=\"Apple-converted-space\"><br \/>\n<\/span>Riportiamo inoltre i link alle Privacy Policy per la gestione dei cookie di \u201cterze parti\u201d presenti sul sito web.<span class=\"Apple-converted-space\"><br \/>\n<\/span><\/p>\n<p class=\"p1\"><strong>Google Analytics, Google+ e Youtube: <\/strong><br \/>\n<a href=\"https:\/\/www.google.it\/intl\/it\/policies\/privacy\/\" target=\"_blank\" rel=\"noopener\">https:\/\/www.google.it\/intl\/it\/policies\/privacy\/<\/a><br \/>\n<a href=\"https:\/\/www.google.it\/intl\/it\/policies\/technologies\/cookies\/\" target=\"_blank\" rel=\"noopener\">https:\/\/www.google.it\/intl\/it\/policies\/technologies\/cookies\/<\/a><br \/>\n<a href=\"https:\/\/www.google.it\/intl\/it\/policies\/technologies\/managing\/\" target=\"_blank\" rel=\"noopener\">https:\/\/www.google.it\/intl\/it\/policies\/technologies\/managing\/ <span class=\"Apple-converted-space\">\u00a0 <\/span><\/a><\/p>\n<p class=\"p1\"><strong>Facebook: <\/strong><br \/>\n<a href=\"https:\/\/it-it.facebook.com\/privacy\/explanation\" target=\"_blank\" rel=\"noopener\">https:\/\/it-it.facebook.com\/privacy\/explanation<\/a><span class=\"Apple-converted-space\"><br \/>\n<\/span><a href=\"https:\/\/it-it.facebook.com\/help\/cookies\/?ref=sitefooter\" target=\"_blank\" rel=\"noopener\"><span class=\"Apple-converted-space\"> https<\/span>:\/\/it-it.facebook.com\/help\/cookies\/?ref=sitefooter<\/a> <span class=\"Apple-converted-space\"><br \/>\n<\/span>In ragione dell\u2019impossibilit\u00e0 di diretto contatto con le terze parti si rimanda per ulteriori specifiche al sito <a href=\"https:\/\/www.youronlinechoices.com\/it\/\" target=\"_blank\" rel=\"noopener\">https:\/\/www.youronlinechoices.com\/it\/<\/a>, che contiene informazioni sui cookie, fornendo consigli per proteggere la propria privacy online.<span class=\"Apple-converted-space\">\u00a0 <\/span><\/p>\n<h4 class=\"p1\">ESERCIZIO DEI DIRITTI<\/h4>\n<p class=\"p1\">Potr\u00e0 rivolgersi al Titolare e\/o al Responsabile per la protezione dei dati per ogni informazione nonch\u00e9 per l\u2019esercizio dei Suoi diritti previsti dalla normativa (accesso ai dati, cancellazione, rettificazione o limitazione del trattamento). E\u2019 inoltre Sua facolt\u00e0 rivolgersi all\u2019autorit\u00e0 di controllo laddove ritenga che i Suoi dati siano stati trattati in modo illegittimo o non conforme.<\/p>\n[\/vc_column_text][\/vc_column][\/vc_row]\n","protected":false},"excerpt":{"rendered":"<p>[vc_row type=&#8220;in_container&#8220; full_screen_row_position=&#8220;middle&#8220; scene_position=&#8220;center&#8220; text_color=&#8220;dark&#8220; text_align=&#8220;left&#8220; top_padding=&#8220;10%&#8220; bottom_padding=&#8220;10%&#8220; overlay_strength=&#8220;0.3&#8243; shape_divider_position=&#8220;bottom&#8220; bg_image_animation=&#8220;none&#8220; shape_type=&#8220;&#8220;][vc_column column_padding=&#8220;no-extra-padding&#8220; column_padding_position=&#8220;all&#8220; background_color_opacity=&#8220;1&#8243; background_hover_color_opacity=&#8220;1&#8243; column_link_target=&#8220;_self&#8220; column_shadow=&#8220;none&#8220; column_border_radius=&#8220;none&#8220; width=&#8220;1\/1&#8243; tablet_width_inherit=&#8220;default&#8220; tablet_text_alignment=&#8220;default&#8220; phone_text_alignment=&#8220;default&#8220; column_border_width=&#8220;none&#8220; column_border_style=&#8220;solid&#8220; bg_image_animation=&#8220;none&#8220;][split_line_heading] PRIVACY POLICY IM SINNE&#8230;<\/p>\n","protected":false},"author":1,"featured_media":0,"parent":0,"menu_order":3,"comment_status":"closed","ping_status":"closed","template":"","meta":{"footnotes":""},"class_list":["post-906","page","type-page","status-publish"],"_links":{"self":[{"href":"https:\/\/www.mcsystemsrl.com\/de\/wp-json\/wp\/v2\/pages\/906","targetHints":{"allow":["GET"]}}],"collection":[{"href":"https:\/\/www.mcsystemsrl.com\/de\/wp-json\/wp\/v2\/pages"}],"about":[{"href":"https:\/\/www.mcsystemsrl.com\/de\/wp-json\/wp\/v2\/types\/page"}],"author":[{"embeddable":true,"href":"https:\/\/www.mcsystemsrl.com\/de\/wp-json\/wp\/v2\/users\/1"}],"replies":[{"embeddable":true,"href":"https:\/\/www.mcsystemsrl.com\/de\/wp-json\/wp\/v2\/comments?post=906"}],"version-history":[{"count":5,"href":"https:\/\/www.mcsystemsrl.com\/de\/wp-json\/wp\/v2\/pages\/906\/revisions"}],"predecessor-version":[{"id":1155,"href":"https:\/\/www.mcsystemsrl.com\/de\/wp-json\/wp\/v2\/pages\/906\/revisions\/1155"}],"wp:attachment":[{"href":"https:\/\/www.mcsystemsrl.com\/de\/wp-json\/wp\/v2\/media?parent=906"}],"curies":[{"name":"wp","href":"https:\/\/api.w.org\/{rel}","templated":true}]}}